{"id":1756,"date":"2019-08-01T09:52:38","date_gmt":"2019-08-01T07:52:38","guid":{"rendered":"https:\/\/fwfuer.de\/creditos-fotograficos\/"},"modified":"2022-05-31T13:29:53","modified_gmt":"2022-05-31T11:29:53","slug":"creditos-fotograficos","status":"publish","type":"page","link":"https:\/\/fwfuer.de\/es\/creditos-fotograficos\/","title":{"rendered":"cr\u00e9ditos fotogr\u00e1ficos"},"content":{"rendered":"\n<p>\n[isc_list_all]\n\n<\/p>\n","protected":false},"excerpt":{"rendered":"<p>[isc_list_all]<\/p>\n","protected":false},"author":1,"featured_media":0,"parent":0,"menu_order":0,"comment_status":"closed","ping_status":"closed","template":"","meta":{"_acf_changed":false,"_et_pb_use_builder":"off","_et_pb_old_content":"","_et_gb_content_width":"","footnotes":"","_links_to":"","_links_to_target":""},"class_list":["post-1756","page","type-page","status-publish","hentry"],"acf":[],"yoast_head":"<!-- This site is optimized with the Yoast SEO plugin v27.3 - https:\/\/yoast.com\/product\/yoast-seo-wordpress\/ -->\n<title>cr\u00e9ditos fotogr\u00e1ficos - Freie W\u00e4hler | F\u00dcR Karlsruhe en el Consejo Municipal de Karlsruhe<\/title>\n<meta name=\"description\" content=\"Freie W\u00e4hler | F\u00dcR Karlsruhe en el Consejo Municipal de Karlsruhe : cr\u00e9ditos fotogr\u00e1ficos\" \/>\n<meta name=\"robots\" content=\"index, follow, max-snippet:-1, max-image-preview:large, max-video-preview:-1\" \/>\n<link rel=\"canonical\" href=\"https:\/\/fwfuer.de\/es\/creditos-fotograficos\/\" \/>\n<meta property=\"og:locale\" content=\"es_ES\" \/>\n<meta property=\"og:type\" content=\"article\" \/>\n<meta property=\"og:title\" content=\"cr\u00e9ditos fotogr\u00e1ficos - Freie W\u00e4hler | F\u00dcR Karlsruhe en el Consejo Municipal de Karlsruhe\" \/>\n<meta property=\"og:description\" content=\"Freie W\u00e4hler | F\u00dcR Karlsruhe en el Consejo Municipal de Karlsruhe : cr\u00e9ditos fotogr\u00e1ficos\" \/>\n<meta property=\"og:url\" content=\"https:\/\/fwfuer.de\/es\/creditos-fotograficos\/\" \/>\n<meta property=\"og:site_name\" content=\"Freie W\u00e4hler | F\u00dcR Karlsruhe en el Consejo Municipal de Karlsruhe\" \/>\n<meta property=\"article:publisher\" content=\"https:\/\/www.facebook.com\/fwfuer\" \/>\n<meta property=\"article:modified_time\" content=\"2022-05-31T11:29:53+00:00\" \/>\n<meta property=\"og:image\" content=\"https:\/\/fwfuer.de\/wp-content\/uploads\/2022\/10\/FriedemannOnlineSchulung-scaled.jpeg\" \/>\n\t<meta property=\"og:image:width\" content=\"2880\" \/>\n\t<meta property=\"og:image:height\" content=\"2160\" \/>\n\t<meta property=\"og:image:type\" content=\"image\/jpeg\" \/>\n<meta name=\"twitter:card\" content=\"summary_large_image\" \/>\n<meta name=\"twitter:site\" content=\"@fwfuer\" \/>\n<script type=\"application\/ld+json\" class=\"yoast-schema-graph\">{\"@context\":\"https:\\\/\\\/schema.org\",\"@graph\":[{\"@type\":\"WebPage\",\"@id\":\"https:\\\/\\\/fwfuer.de\\\/es\\\/creditos-fotograficos\\\/\",\"url\":\"https:\\\/\\\/fwfuer.de\\\/es\\\/creditos-fotograficos\\\/\",\"name\":\"cr\u00e9ditos fotogr\u00e1ficos - Freie W\u00e4hler | F\u00dcR Karlsruhe en el Consejo Municipal de Karlsruhe\",\"isPartOf\":{\"@id\":\"https:\\\/\\\/fwfuer.de\\\/es\\\/#website\"},\"datePublished\":\"2019-08-01T07:52:38+00:00\",\"dateModified\":\"2022-05-31T11:29:53+00:00\",\"description\":\"Freie W\u00e4hler | F\u00dcR Karlsruhe en el Consejo Municipal de Karlsruhe : cr\u00e9ditos fotogr\u00e1ficos\",\"breadcrumb\":{\"@id\":\"https:\\\/\\\/fwfuer.de\\\/es\\\/creditos-fotograficos\\\/#breadcrumb\"},\"inLanguage\":\"es\",\"potentialAction\":[{\"@type\":\"ReadAction\",\"target\":[\"https:\\\/\\\/fwfuer.de\\\/es\\\/creditos-fotograficos\\\/\"]}]},{\"@type\":\"BreadcrumbList\",\"@id\":\"https:\\\/\\\/fwfuer.de\\\/es\\\/creditos-fotograficos\\\/#breadcrumb\",\"itemListElement\":[{\"@type\":\"ListItem\",\"position\":1,\"name\":\"Startseite\",\"item\":\"https:\\\/\\\/fwfuer.de\\\/es\\\/casa\\\/\"},{\"@type\":\"ListItem\",\"position\":2,\"name\":\"cr\u00e9ditos fotogr\u00e1ficos\"}]},{\"@type\":\"WebSite\",\"@id\":\"https:\\\/\\\/fwfuer.de\\\/es\\\/#website\",\"url\":\"https:\\\/\\\/fwfuer.de\\\/es\\\/\",\"name\":\"Freie W\u00e4hler | F\u00dcR Karlsruhe en el Consejo Municipal de Karlsruhe\",\"description\":\"Grupo libre de concejales en Karlsruhe\",\"publisher\":{\"@id\":\"https:\\\/\\\/fwfuer.de\\\/es\\\/#organization\"},\"alternateName\":\"F\u00dcR KARLSRUHE im Gemeinderat\",\"potentialAction\":[{\"@type\":\"SearchAction\",\"target\":{\"@type\":\"EntryPoint\",\"urlTemplate\":\"https:\\\/\\\/fwfuer.de\\\/es\\\/?s={search_term_string}\"},\"query-input\":{\"@type\":\"PropertyValueSpecification\",\"valueRequired\":true,\"valueName\":\"search_term_string\"}}],\"inLanguage\":\"es\"},{\"@type\":\"Organization\",\"@id\":\"https:\\\/\\\/fwfuer.de\\\/es\\\/#organization\",\"name\":\"F\u00dcR Karlsruhe im Gemeinderat\",\"alternateName\":\"F\u00dcR Karlsruhe mit Stadtrat Friedemann Kalmbach\",\"url\":\"https:\\\/\\\/fwfuer.de\\\/es\\\/\",\"logo\":{\"@type\":\"ImageObject\",\"inLanguage\":\"es\",\"@id\":\"https:\\\/\\\/fwfuer.de\\\/es\\\/#\\\/schema\\\/logo\\\/image\\\/\",\"url\":\"https:\\\/\\\/fwfuer.de\\\/wp-content\\\/uploads\\\/2024\\\/07\\\/cropped-Logo-1.png\",\"contentUrl\":\"https:\\\/\\\/fwfuer.de\\\/wp-content\\\/uploads\\\/2024\\\/07\\\/cropped-Logo-1.png\",\"width\":512,\"height\":512,\"caption\":\"F\u00dcR Karlsruhe im Gemeinderat\"},\"image\":{\"@id\":\"https:\\\/\\\/fwfuer.de\\\/es\\\/#\\\/schema\\\/logo\\\/image\\\/\"},\"sameAs\":[\"https:\\\/\\\/www.facebook.com\\\/fwfuer\",\"https:\\\/\\\/x.com\\\/fwfuer\",\"https:\\\/\\\/www.instagram.com\\\/fuerka.de\",\"https:\\\/\\\/de.linkedin.com\\\/company\\\/fw-fr-karlsruhe-gemeinderatsfraktion\",\"https:\\\/\\\/tiktok.com\\\/@fuerka.de\"]}]}<\/script>\n<!-- \/ Yoast SEO plugin. -->","yoast_head_json":{"title":"cr\u00e9ditos fotogr\u00e1ficos - Freie W\u00e4hler | F\u00dcR Karlsruhe en el Consejo Municipal de Karlsruhe","description":"Freie W\u00e4hler | F\u00dcR Karlsruhe en el Consejo Municipal de Karlsruhe : cr\u00e9ditos fotogr\u00e1ficos","robots":{"index":"index","follow":"follow","max-snippet":"max-snippet:-1","max-image-preview":"max-image-preview:large","max-video-preview":"max-video-preview:-1"},"canonical":"https:\/\/fwfuer.de\/es\/creditos-fotograficos\/","og_locale":"es_ES","og_type":"article","og_title":"cr\u00e9ditos fotogr\u00e1ficos - Freie W\u00e4hler | F\u00dcR Karlsruhe en el Consejo Municipal de Karlsruhe","og_description":"Freie W\u00e4hler | F\u00dcR Karlsruhe en el Consejo Municipal de Karlsruhe : cr\u00e9ditos fotogr\u00e1ficos","og_url":"https:\/\/fwfuer.de\/es\/creditos-fotograficos\/","og_site_name":"Freie W\u00e4hler | F\u00dcR Karlsruhe en el Consejo Municipal de Karlsruhe","article_publisher":"https:\/\/www.facebook.com\/fwfuer","article_modified_time":"2022-05-31T11:29:53+00:00","og_image":[{"width":2880,"height":2160,"url":"https:\/\/fwfuer.de\/wp-content\/uploads\/2022\/10\/FriedemannOnlineSchulung-scaled.jpeg","type":"image\/jpeg"}],"twitter_card":"summary_large_image","twitter_site":"@fwfuer","schema":{"@context":"https:\/\/schema.org","@graph":[{"@type":"WebPage","@id":"https:\/\/fwfuer.de\/es\/creditos-fotograficos\/","url":"https:\/\/fwfuer.de\/es\/creditos-fotograficos\/","name":"cr\u00e9ditos fotogr\u00e1ficos - Freie W\u00e4hler | F\u00dcR Karlsruhe en el Consejo Municipal de Karlsruhe","isPartOf":{"@id":"https:\/\/fwfuer.de\/es\/#website"},"datePublished":"2019-08-01T07:52:38+00:00","dateModified":"2022-05-31T11:29:53+00:00","description":"Freie W\u00e4hler | F\u00dcR Karlsruhe en el Consejo Municipal de Karlsruhe : cr\u00e9ditos fotogr\u00e1ficos","breadcrumb":{"@id":"https:\/\/fwfuer.de\/es\/creditos-fotograficos\/#breadcrumb"},"inLanguage":"es","potentialAction":[{"@type":"ReadAction","target":["https:\/\/fwfuer.de\/es\/creditos-fotograficos\/"]}]},{"@type":"BreadcrumbList","@id":"https:\/\/fwfuer.de\/es\/creditos-fotograficos\/#breadcrumb","itemListElement":[{"@type":"ListItem","position":1,"name":"Startseite","item":"https:\/\/fwfuer.de\/es\/casa\/"},{"@type":"ListItem","position":2,"name":"cr\u00e9ditos fotogr\u00e1ficos"}]},{"@type":"WebSite","@id":"https:\/\/fwfuer.de\/es\/#website","url":"https:\/\/fwfuer.de\/es\/","name":"Freie W\u00e4hler | F\u00dcR Karlsruhe en el Consejo Municipal de Karlsruhe","description":"Grupo libre de concejales en Karlsruhe","publisher":{"@id":"https:\/\/fwfuer.de\/es\/#organization"},"alternateName":"F\u00dcR KARLSRUHE im Gemeinderat","potentialAction":[{"@type":"SearchAction","target":{"@type":"EntryPoint","urlTemplate":"https:\/\/fwfuer.de\/es\/?s={search_term_string}"},"query-input":{"@type":"PropertyValueSpecification","valueRequired":true,"valueName":"search_term_string"}}],"inLanguage":"es"},{"@type":"Organization","@id":"https:\/\/fwfuer.de\/es\/#organization","name":"F\u00dcR Karlsruhe im Gemeinderat","alternateName":"F\u00dcR Karlsruhe mit Stadtrat Friedemann Kalmbach","url":"https:\/\/fwfuer.de\/es\/","logo":{"@type":"ImageObject","inLanguage":"es","@id":"https:\/\/fwfuer.de\/es\/#\/schema\/logo\/image\/","url":"https:\/\/fwfuer.de\/wp-content\/uploads\/2024\/07\/cropped-Logo-1.png","contentUrl":"https:\/\/fwfuer.de\/wp-content\/uploads\/2024\/07\/cropped-Logo-1.png","width":512,"height":512,"caption":"F\u00dcR Karlsruhe im Gemeinderat"},"image":{"@id":"https:\/\/fwfuer.de\/es\/#\/schema\/logo\/image\/"},"sameAs":["https:\/\/www.facebook.com\/fwfuer","https:\/\/x.com\/fwfuer","https:\/\/www.instagram.com\/fuerka.de","https:\/\/de.linkedin.com\/company\/fw-fr-karlsruhe-gemeinderatsfraktion","https:\/\/tiktok.com\/@fuerka.de"]}]}},"_links":{"self":[{"href":"https:\/\/fwfuer.de\/es\/wp-json\/wp\/v2\/pages\/1756","targetHints":{"allow":["GET"]}}],"collection":[{"href":"https:\/\/fwfuer.de\/es\/wp-json\/wp\/v2\/pages"}],"about":[{"href":"https:\/\/fwfuer.de\/es\/wp-json\/wp\/v2\/types\/page"}],"author":[{"embeddable":true,"href":"https:\/\/fwfuer.de\/es\/wp-json\/wp\/v2\/users\/1"}],"replies":[{"embeddable":true,"href":"https:\/\/fwfuer.de\/es\/wp-json\/wp\/v2\/comments?post=1756"}],"version-history":[{"count":2,"href":"https:\/\/fwfuer.de\/es\/wp-json\/wp\/v2\/pages\/1756\/revisions"}],"predecessor-version":[{"id":1763,"href":"https:\/\/fwfuer.de\/es\/wp-json\/wp\/v2\/pages\/1756\/revisions\/1763"}],"wp:attachment":[{"href":"https:\/\/fwfuer.de\/es\/wp-json\/wp\/v2\/media?parent=1756"}],"curies":[{"name":"wp","href":"https:\/\/api.w.org\/{rel}","templated":true}]}}