{"id":2794,"date":"2022-06-02T11:23:03","date_gmt":"2022-06-02T09:23:03","guid":{"rendered":"https:\/\/fwfuer.de\/peticiones-y-solicitudes\/"},"modified":"2022-06-02T11:23:13","modified_gmt":"2022-06-02T09:23:13","slug":"peticiones-y-solicitudes","status":"publish","type":"page","link":"https:\/\/fwfuer.de\/es\/peticiones-y-solicitudes\/","title":{"rendered":"Peticiones y solicitudes"},"content":{"rendered":"<p>[et_pb_section fb_built=\u00bb1&#8243; _builder_version=\u00bb4.16&#8243; background_color=\u00bb#2b7f9e\u00bb background_image=\u00bbhttps:\/\/fwfuer.de\/wp-content\/uploads\/2021\/01\/gruppengespraech1.jpg\u00bb background_blend=\u00bbmultiply\u00bb background_enable_video_mp4=\u00bboff\u00bb allow_player_pause=\u00bbon\u00bb background_last_edited=\u00bbon|tablet\u00bb background_enable_video_mp4_tablet=\u00bboff\u00bb global_colors_info=\u00bb{}\u00bb theme_builder_area=\u00bbpost_content\u00bb][et_pb_row _builder_version=\u00bb4.16&#8243; min_height=\u00bb99px\u00bb custom_margin=\u00bb|auto|2px|auto||\u00bb global_colors_info=\u00bb{}\u00bb theme_builder_area=\u00bbpost_content\u00bb][et_pb_column type=\u00bb4_4&#8243; _builder_version=\u00bb4.16&#8243; global_colors_info=\u00bb{}\u00bb theme_builder_area=\u00bbpost_content\u00bb][et_pb_text _builder_version=\u00bb4.16&#8243; text_text_color=\u00bb#ffffff\u00bb text_font_size=\u00bb18px\u00bb background_layout=\u00bbdark\u00bb global_colors_info=\u00bb{}\u00bb theme_builder_area=\u00bbpost_content\u00bb]<\/p>\n<p>Votantes libres | PARA Karlsruhe<\/p>\n<h1>Nuestras mociones y preguntas en el ayuntamiento de Karlsruhe<\/h1>\n<p>[\/et_pb_text][\/et_pb_column][\/et_pb_row][\/et_pb_section][et_pb_section fb_built=\u00bb1&#8243; module_id=\u00bbActual\u00bb _builder_version=\u00bb4.16&#8243; global_colors_info=\u00bb{}\u00bb theme_builder_area=\u00bbpost_content\u00bb][et_pb_row _builder_version=\u00bb4.16&#8243; global_colors_info=\u00bb{}\u00bb theme_builder_area=\u00bbpost_content\u00bb][et_pb_column type=\u00bb4_4&#8243; _builder_version=\u00bb4.16&#8243; global_colors_info=\u00bb{}\u00bb theme_builder_area=\u00bbpost_content\u00bb][et_pb_filterable_portfolio _builder_version=\u00bb4.17.4&#8243; _module_preset=\u00bbdefault\u00bb theme_builder_area=\u00bbpost_content\u00bb include_categories=\u00bb11,72&#8243; hover_enabled=\u00bb0&#8243; sticky_enabled=\u00bb0&#8243; fullwidth=\u00bboff\u00bb background_color=\u00bbRGBA(255,255,255,0)\u00bb border_color_all=\u00bb#575756&#8243; border_width_top=\u00bb2px\u00bb border_color_top=\u00bb#A50050&#8243; filter_font=\u00bb|||on|||||\u00bb filter_font_size=\u00bb16px\u00bb hover_icon=\u00bbh||divi||400&#8243; posts_number=\u00bb8&#8243;][\/et_pb_filterable_portfolio][\/et_pb_column][\/et_pb_row][et_pb_row column_structure=\u00bb1_2,1_2&#8243; make_equal=\u00bbon\u00bb _builder_version=\u00bb4.17.4&#8243; custom_margin=\u00bb|auto|33px|auto||\u00bb custom_padding=\u00bb4px|||||\u00bb hover_enabled=\u00bb0&#8243; global_colors_info=\u00bb{}\u00bb theme_builder_area=\u00bbpost_content\u00bb sticky_enabled=\u00bb0&#8243;][et_pb_column type=\u00bb1_2&#8243; _builder_version=\u00bb4.17.4&#8243; background_color=\u00bb#E1E1E1&#8243; background_size=\u00bbinitial\u00bb background_position=\u00bbtop_right\u00bb background_blend=\u00bbsoft-light\u00bb custom_padding=\u00bb20px|20px|20px|20px|true|true\u00bb hover_enabled=\u00bb0&#8243; global_colors_info=\u00bb{}\u00bb theme_builder_area=\u00bbpost_content\u00bb background_enable_image=\u00bboff\u00bb sticky_enabled=\u00bb0&#8243;][et_pb_text _builder_version=\u00bb4.16&#8243; _module_preset=\u00bbdefault\u00bb global_colors_info=\u00bb{}\u00bb theme_builder_area=\u00bbpost_content\u00bb]<\/p>\n<h3>Solicitudes al Ayuntamiento<\/h3>\n<p>[\/et_pb_text][et_pb_portfolio _builder_version=\u00bb4.17.4&#8243; _module_preset=\u00bbdefault\u00bb theme_builder_area=\u00bbpost_content\u00bb include_categories=\u00bb10&#8243; hover_enabled=\u00bb0&#8243; sticky_enabled=\u00bb0&#8243; title_font_size=\u00bb14px\u00bb title_line_height=\u00bb1em\u00bb show_categories=\u00bboff\u00bb][\/et_pb_portfolio][\/et_pb_column][et_pb_column type=\u00bb1_2&#8243; _builder_version=\u00bb4.17.4&#8243; custom_padding=\u00bb20px|20px|20px|20px|true|true\u00bb hover_enabled=\u00bb0&#8243; global_colors_info=\u00bb{}\u00bb theme_builder_area=\u00bbpost_content\u00bb background_color=\u00bb#E1E1E1&#8243; sticky_enabled=\u00bb0&#8243;][et_pb_text _builder_version=\u00bb4.16&#8243; _module_preset=\u00bbdefault\u00bb global_colors_info=\u00bb{}\u00bb theme_builder_area=\u00bbpost_content\u00bb]<\/p>\n<h3>Adiciones y modificaciones<\/h3>\n<p>[\/et_pb_text][et_pb_portfolio _builder_version=\u00bb4.17.4&#8243; _module_preset=\u00bbdefault\u00bb theme_builder_area=\u00bbpost_content\u00bb include_categories=\u00bb12,13&#8243; hover_enabled=\u00bb0&#8243; sticky_enabled=\u00bb0&#8243; title_font_size=\u00bb14px\u00bb title_line_height=\u00bb1em\u00bb caption_font_size=\u00bb12px\u00bb caption_line_height=\u00bb1em\u00bb show_categories=\u00bboff\u00bb][\/et_pb_portfolio][\/et_pb_column][\/et_pb_row][\/et_pb_section]<\/p>\n","protected":false},"excerpt":{"rendered":"<p>Votantes libres | PARA Karlsruhe Nuestras mociones y preguntas en el ayuntamiento de KarlsruheSolicitudes al AyuntamientoAdiciones y modificaciones<\/p>\n","protected":false},"author":1,"featured_media":0,"parent":0,"menu_order":0,"comment_status":"closed","ping_status":"closed","template":"","meta":{"_acf_changed":false,"_et_pb_use_builder":"on","_et_pb_old_content":"","_et_gb_content_width":"","footnotes":"","_links_to":"","_links_to_target":""},"class_list":["post-2794","page","type-page","status-publish","hentry"],"acf":[],"yoast_head":"<!-- This site is optimized with the Yoast SEO plugin v27.3 - https:\/\/yoast.com\/product\/yoast-seo-wordpress\/ -->\n<title>Peticiones y solicitudes - Freie W\u00e4hler | F\u00dcR Karlsruhe en el Consejo Municipal de Karlsruhe<\/title>\n<meta name=\"description\" content=\"Freie W\u00e4hler | F\u00dcR Karlsruhe en el Consejo Municipal de Karlsruhe : Peticiones y solicitudes\" \/>\n<meta name=\"robots\" content=\"index, follow, max-snippet:-1, max-image-preview:large, max-video-preview:-1\" \/>\n<link rel=\"canonical\" href=\"https:\/\/fwfuer.de\/es\/peticiones-y-solicitudes\/\" \/>\n<meta property=\"og:locale\" content=\"es_ES\" \/>\n<meta property=\"og:type\" content=\"article\" \/>\n<meta property=\"og:title\" content=\"Peticiones y solicitudes - Freie W\u00e4hler | F\u00dcR Karlsruhe en el Consejo Municipal de Karlsruhe\" \/>\n<meta property=\"og:description\" content=\"Freie W\u00e4hler | F\u00dcR Karlsruhe en el Consejo Municipal de Karlsruhe : Peticiones y solicitudes\" \/>\n<meta property=\"og:url\" content=\"https:\/\/fwfuer.de\/es\/peticiones-y-solicitudes\/\" \/>\n<meta property=\"og:site_name\" content=\"Freie W\u00e4hler | F\u00dcR Karlsruhe en el Consejo Municipal de Karlsruhe\" \/>\n<meta property=\"article:publisher\" content=\"https:\/\/www.facebook.com\/fwfuer\" \/>\n<meta property=\"article:modified_time\" content=\"2022-06-02T09:23:13+00:00\" \/>\n<meta property=\"og:image\" content=\"https:\/\/fwfuer.de\/wp-content\/uploads\/2022\/10\/FriedemannOnlineSchulung-scaled.jpeg\" \/>\n\t<meta property=\"og:image:width\" content=\"2880\" \/>\n\t<meta property=\"og:image:height\" content=\"2160\" \/>\n\t<meta property=\"og:image:type\" content=\"image\/jpeg\" \/>\n<meta name=\"twitter:card\" content=\"summary_large_image\" \/>\n<meta name=\"twitter:site\" content=\"@fwfuer\" \/>\n<meta name=\"twitter:label1\" content=\"Tiempo de lectura\" \/>\n\t<meta name=\"twitter:data1\" content=\"2 minutos\" \/>\n<script type=\"application\/ld+json\" class=\"yoast-schema-graph\">{\"@context\":\"https:\\\/\\\/schema.org\",\"@graph\":[{\"@type\":\"WebPage\",\"@id\":\"https:\\\/\\\/fwfuer.de\\\/es\\\/peticiones-y-solicitudes\\\/\",\"url\":\"https:\\\/\\\/fwfuer.de\\\/es\\\/peticiones-y-solicitudes\\\/\",\"name\":\"Peticiones y solicitudes - Freie W\u00e4hler | F\u00dcR Karlsruhe en el Consejo Municipal de Karlsruhe\",\"isPartOf\":{\"@id\":\"https:\\\/\\\/fwfuer.de\\\/es\\\/#website\"},\"datePublished\":\"2022-06-02T09:23:03+00:00\",\"dateModified\":\"2022-06-02T09:23:13+00:00\",\"description\":\"Freie W\u00e4hler | F\u00dcR Karlsruhe en el Consejo Municipal de Karlsruhe : Peticiones y solicitudes\",\"breadcrumb\":{\"@id\":\"https:\\\/\\\/fwfuer.de\\\/es\\\/peticiones-y-solicitudes\\\/#breadcrumb\"},\"inLanguage\":\"es\",\"potentialAction\":[{\"@type\":\"ReadAction\",\"target\":[\"https:\\\/\\\/fwfuer.de\\\/es\\\/peticiones-y-solicitudes\\\/\"]}]},{\"@type\":\"BreadcrumbList\",\"@id\":\"https:\\\/\\\/fwfuer.de\\\/es\\\/peticiones-y-solicitudes\\\/#breadcrumb\",\"itemListElement\":[{\"@type\":\"ListItem\",\"position\":1,\"name\":\"Startseite\",\"item\":\"https:\\\/\\\/fwfuer.de\\\/es\\\/casa\\\/\"},{\"@type\":\"ListItem\",\"position\":2,\"name\":\"Peticiones y solicitudes\"}]},{\"@type\":\"WebSite\",\"@id\":\"https:\\\/\\\/fwfuer.de\\\/es\\\/#website\",\"url\":\"https:\\\/\\\/fwfuer.de\\\/es\\\/\",\"name\":\"Freie W\u00e4hler | F\u00dcR Karlsruhe en el Consejo Municipal de Karlsruhe\",\"description\":\"Grupo libre de concejales en Karlsruhe\",\"publisher\":{\"@id\":\"https:\\\/\\\/fwfuer.de\\\/es\\\/#organization\"},\"alternateName\":\"F\u00dcR KARLSRUHE im Gemeinderat\",\"potentialAction\":[{\"@type\":\"SearchAction\",\"target\":{\"@type\":\"EntryPoint\",\"urlTemplate\":\"https:\\\/\\\/fwfuer.de\\\/es\\\/?s={search_term_string}\"},\"query-input\":{\"@type\":\"PropertyValueSpecification\",\"valueRequired\":true,\"valueName\":\"search_term_string\"}}],\"inLanguage\":\"es\"},{\"@type\":\"Organization\",\"@id\":\"https:\\\/\\\/fwfuer.de\\\/es\\\/#organization\",\"name\":\"F\u00dcR Karlsruhe im Gemeinderat\",\"alternateName\":\"F\u00dcR Karlsruhe mit Stadtrat Friedemann Kalmbach\",\"url\":\"https:\\\/\\\/fwfuer.de\\\/es\\\/\",\"logo\":{\"@type\":\"ImageObject\",\"inLanguage\":\"es\",\"@id\":\"https:\\\/\\\/fwfuer.de\\\/es\\\/#\\\/schema\\\/logo\\\/image\\\/\",\"url\":\"https:\\\/\\\/fwfuer.de\\\/wp-content\\\/uploads\\\/2024\\\/07\\\/cropped-Logo-1.png\",\"contentUrl\":\"https:\\\/\\\/fwfuer.de\\\/wp-content\\\/uploads\\\/2024\\\/07\\\/cropped-Logo-1.png\",\"width\":512,\"height\":512,\"caption\":\"F\u00dcR Karlsruhe im Gemeinderat\"},\"image\":{\"@id\":\"https:\\\/\\\/fwfuer.de\\\/es\\\/#\\\/schema\\\/logo\\\/image\\\/\"},\"sameAs\":[\"https:\\\/\\\/www.facebook.com\\\/fwfuer\",\"https:\\\/\\\/x.com\\\/fwfuer\",\"https:\\\/\\\/www.instagram.com\\\/fuerka.de\",\"https:\\\/\\\/de.linkedin.com\\\/company\\\/fw-fr-karlsruhe-gemeinderatsfraktion\",\"https:\\\/\\\/tiktok.com\\\/@fuerka.de\"]}]}<\/script>\n<!-- \/ Yoast SEO plugin. -->","yoast_head_json":{"title":"Peticiones y solicitudes - Freie W\u00e4hler | F\u00dcR Karlsruhe en el Consejo Municipal de Karlsruhe","description":"Freie W\u00e4hler | F\u00dcR Karlsruhe en el Consejo Municipal de Karlsruhe : Peticiones y solicitudes","robots":{"index":"index","follow":"follow","max-snippet":"max-snippet:-1","max-image-preview":"max-image-preview:large","max-video-preview":"max-video-preview:-1"},"canonical":"https:\/\/fwfuer.de\/es\/peticiones-y-solicitudes\/","og_locale":"es_ES","og_type":"article","og_title":"Peticiones y solicitudes - Freie W\u00e4hler | F\u00dcR Karlsruhe en el Consejo Municipal de Karlsruhe","og_description":"Freie W\u00e4hler | F\u00dcR Karlsruhe en el Consejo Municipal de Karlsruhe : Peticiones y solicitudes","og_url":"https:\/\/fwfuer.de\/es\/peticiones-y-solicitudes\/","og_site_name":"Freie W\u00e4hler | F\u00dcR Karlsruhe en el Consejo Municipal de Karlsruhe","article_publisher":"https:\/\/www.facebook.com\/fwfuer","article_modified_time":"2022-06-02T09:23:13+00:00","og_image":[{"width":2880,"height":2160,"url":"https:\/\/fwfuer.de\/wp-content\/uploads\/2022\/10\/FriedemannOnlineSchulung-scaled.jpeg","type":"image\/jpeg"}],"twitter_card":"summary_large_image","twitter_site":"@fwfuer","twitter_misc":{"Tiempo de lectura":"2 minutos"},"schema":{"@context":"https:\/\/schema.org","@graph":[{"@type":"WebPage","@id":"https:\/\/fwfuer.de\/es\/peticiones-y-solicitudes\/","url":"https:\/\/fwfuer.de\/es\/peticiones-y-solicitudes\/","name":"Peticiones y solicitudes - Freie W\u00e4hler | F\u00dcR Karlsruhe en el Consejo Municipal de Karlsruhe","isPartOf":{"@id":"https:\/\/fwfuer.de\/es\/#website"},"datePublished":"2022-06-02T09:23:03+00:00","dateModified":"2022-06-02T09:23:13+00:00","description":"Freie W\u00e4hler | F\u00dcR Karlsruhe en el Consejo Municipal de Karlsruhe : Peticiones y solicitudes","breadcrumb":{"@id":"https:\/\/fwfuer.de\/es\/peticiones-y-solicitudes\/#breadcrumb"},"inLanguage":"es","potentialAction":[{"@type":"ReadAction","target":["https:\/\/fwfuer.de\/es\/peticiones-y-solicitudes\/"]}]},{"@type":"BreadcrumbList","@id":"https:\/\/fwfuer.de\/es\/peticiones-y-solicitudes\/#breadcrumb","itemListElement":[{"@type":"ListItem","position":1,"name":"Startseite","item":"https:\/\/fwfuer.de\/es\/casa\/"},{"@type":"ListItem","position":2,"name":"Peticiones y solicitudes"}]},{"@type":"WebSite","@id":"https:\/\/fwfuer.de\/es\/#website","url":"https:\/\/fwfuer.de\/es\/","name":"Freie W\u00e4hler | F\u00dcR Karlsruhe en el Consejo Municipal de Karlsruhe","description":"Grupo libre de concejales en Karlsruhe","publisher":{"@id":"https:\/\/fwfuer.de\/es\/#organization"},"alternateName":"F\u00dcR KARLSRUHE im Gemeinderat","potentialAction":[{"@type":"SearchAction","target":{"@type":"EntryPoint","urlTemplate":"https:\/\/fwfuer.de\/es\/?s={search_term_string}"},"query-input":{"@type":"PropertyValueSpecification","valueRequired":true,"valueName":"search_term_string"}}],"inLanguage":"es"},{"@type":"Organization","@id":"https:\/\/fwfuer.de\/es\/#organization","name":"F\u00dcR Karlsruhe im Gemeinderat","alternateName":"F\u00dcR Karlsruhe mit Stadtrat Friedemann Kalmbach","url":"https:\/\/fwfuer.de\/es\/","logo":{"@type":"ImageObject","inLanguage":"es","@id":"https:\/\/fwfuer.de\/es\/#\/schema\/logo\/image\/","url":"https:\/\/fwfuer.de\/wp-content\/uploads\/2024\/07\/cropped-Logo-1.png","contentUrl":"https:\/\/fwfuer.de\/wp-content\/uploads\/2024\/07\/cropped-Logo-1.png","width":512,"height":512,"caption":"F\u00dcR Karlsruhe im Gemeinderat"},"image":{"@id":"https:\/\/fwfuer.de\/es\/#\/schema\/logo\/image\/"},"sameAs":["https:\/\/www.facebook.com\/fwfuer","https:\/\/x.com\/fwfuer","https:\/\/www.instagram.com\/fuerka.de","https:\/\/de.linkedin.com\/company\/fw-fr-karlsruhe-gemeinderatsfraktion","https:\/\/tiktok.com\/@fuerka.de"]}]}},"_links":{"self":[{"href":"https:\/\/fwfuer.de\/es\/wp-json\/wp\/v2\/pages\/2794","targetHints":{"allow":["GET"]}}],"collection":[{"href":"https:\/\/fwfuer.de\/es\/wp-json\/wp\/v2\/pages"}],"about":[{"href":"https:\/\/fwfuer.de\/es\/wp-json\/wp\/v2\/types\/page"}],"author":[{"embeddable":true,"href":"https:\/\/fwfuer.de\/es\/wp-json\/wp\/v2\/users\/1"}],"replies":[{"embeddable":true,"href":"https:\/\/fwfuer.de\/es\/wp-json\/wp\/v2\/comments?post=2794"}],"version-history":[{"count":3,"href":"https:\/\/fwfuer.de\/es\/wp-json\/wp\/v2\/pages\/2794\/revisions"}],"predecessor-version":[{"id":2803,"href":"https:\/\/fwfuer.de\/es\/wp-json\/wp\/v2\/pages\/2794\/revisions\/2803"}],"wp:attachment":[{"href":"https:\/\/fwfuer.de\/es\/wp-json\/wp\/v2\/media?parent=2794"}],"curies":[{"name":"wp","href":"https:\/\/api.w.org\/{rel}","templated":true}]}}