{"id":1768,"date":"2019-08-01T10:00:32","date_gmt":"2019-08-01T08:00:32","guid":{"rendered":"https:\/\/fwfuer.de\/imprima\/"},"modified":"2023-08-15T13:12:05","modified_gmt":"2023-08-15T11:12:05","slug":"imprima","status":"publish","type":"page","link":"https:\/\/fwfuer.de\/ro\/imprima\/","title":{"rendered":"imprima"},"content":{"rendered":"\n<h2 class=\"wp-block-heading\">Conform \u00a7 5 TMG:<\/h2>\n\n<p>FW|PENTRU grupul consiliului Karlsruhe<br\/>Aleg\u0103tori liberi \u0219i PENTRU Karlsruhe \u00een consiliul municipal<\/p>\n\n<h3 class=\"wp-block-heading\">Adresa postala:<\/h3>\n\n<p>Hebelstra\u00dfe 21<br\/>76133 Karlsruhe<br\/><\/p>\n\n<h3 class=\"wp-block-heading\">A lua legatura:<\/h3>\n\n<p>Telefon: 0721 133 10 96<br\/>Fax: 0721 133 16 59<br\/>E-mail: fw<!-->@. &#8211;>pentru<!-- @neu --->@<!-->.@ &#8211;>fraktion.<!-- hier@ -->karlsruhe.<!-- @de.de -->de<\/p>\n\n<h3 class=\"wp-block-heading\">Reprezentat\u0103 de:<\/h3>\n\n<p>Friedemann Kalmbach  <br\/>lider de frac\u021biune<\/p>\n\n<h2 class=\"wp-block-heading\">Note pe site<\/h2>\n\n<h3 class=\"wp-block-heading\">Notific\u0103ri privind drepturile de autor<\/h3>\n<p>[isc_list_all]<\/p>\n\n<h3 class=\"wp-block-heading\">Responsabil pentru continutul jurnalistic-editorial este:<\/h3>\n\n<p>Micha Schlittenhardt  <br\/>Lider de grup parlamentar  <br\/>Hebelstra\u00dfe 21  <br\/>76133 Karlsruhe<br\/><\/p>\n\n<p><em>Amprenta a fost creat\u0103 cu <a href=\"https:\/\/www.activemind.de\/datenschutz\/impressums-generator\/\">generatorul de amprent\u0103 de la activeMind AG<\/a> .<\/em><\/p>\n","protected":false},"excerpt":{"rendered":"<p>Conform \u00a7 5 TMG: FW|PENTRU grupul consiliului KarlsruheAleg\u0103tori liberi \u0219i PENTRU Karlsruhe \u00een consiliul municipal Adresa postala: Hebelstra\u00dfe 2176133 Karlsruhe A lua legatura: Telefon: 0721 133 10 96Fax: 0721 133 16 59E-mail: fw@. &#8211;>pentru@.@ &#8211;>fraktion.karlsruhe.de Reprezentat\u0103 de: Friedemann Kalmbach lider de frac\u021biune Note pe site Notific\u0103ri privind drepturile de autor Responsabil pentru continutul jurnalistic-editorial este: [&hellip;]<\/p>\n","protected":false},"author":1,"featured_media":0,"parent":0,"menu_order":0,"comment_status":"closed","ping_status":"closed","template":"","meta":{"_acf_changed":false,"_et_pb_use_builder":"off","_et_pb_old_content":"","_et_gb_content_width":"","footnotes":"","_links_to":"","_links_to_target":""},"class_list":["post-1768","page","type-page","status-publish","hentry"],"acf":[],"yoast_head":"<!-- This site is optimized with the Yoast SEO plugin v27.3 - https:\/\/yoast.com\/product\/yoast-seo-wordpress\/ -->\n<title>imprima - Freie W\u00e4hler | F\u00dcR Karlsruhe \u00een Consiliul Municipal Karlsruhe<\/title>\n<meta name=\"description\" content=\"Freie W\u00e4hler | F\u00dcR Karlsruhe \u00een Consiliul Municipal Karlsruhe : imprima\" \/>\n<meta name=\"robots\" content=\"index, follow, max-snippet:-1, max-image-preview:large, max-video-preview:-1\" \/>\n<link rel=\"canonical\" href=\"https:\/\/fwfuer.de\/ro\/imprima\/\" \/>\n<meta property=\"og:locale\" content=\"ro_RO\" \/>\n<meta property=\"og:type\" content=\"article\" \/>\n<meta property=\"og:title\" content=\"imprima - Freie W\u00e4hler | F\u00dcR Karlsruhe \u00een Consiliul Municipal Karlsruhe\" \/>\n<meta property=\"og:description\" content=\"Freie W\u00e4hler | F\u00dcR Karlsruhe \u00een Consiliul Municipal Karlsruhe : imprima\" \/>\n<meta property=\"og:url\" content=\"https:\/\/fwfuer.de\/ro\/imprima\/\" \/>\n<meta property=\"og:site_name\" content=\"Freie W\u00e4hler | F\u00dcR Karlsruhe \u00een Consiliul Municipal Karlsruhe\" \/>\n<meta property=\"article:publisher\" content=\"https:\/\/www.facebook.com\/fwfuer\" \/>\n<meta property=\"article:modified_time\" content=\"2023-08-15T11:12:05+00:00\" \/>\n<meta property=\"og:image\" content=\"https:\/\/fwfuer.de\/wp-content\/uploads\/2022\/10\/FriedemannOnlineSchulung-scaled.jpeg\" \/>\n\t<meta property=\"og:image:width\" content=\"2880\" \/>\n\t<meta property=\"og:image:height\" content=\"2160\" \/>\n\t<meta property=\"og:image:type\" content=\"image\/jpeg\" \/>\n<meta name=\"twitter:card\" content=\"summary_large_image\" \/>\n<meta name=\"twitter:site\" content=\"@fwfuer\" \/>\n<script type=\"application\/ld+json\" class=\"yoast-schema-graph\">{\"@context\":\"https:\\\/\\\/schema.org\",\"@graph\":[{\"@type\":\"WebPage\",\"@id\":\"https:\\\/\\\/fwfuer.de\\\/ro\\\/imprima\\\/\",\"url\":\"https:\\\/\\\/fwfuer.de\\\/ro\\\/imprima\\\/\",\"name\":\"imprima - Freie W\u00e4hler | F\u00dcR Karlsruhe \u00een Consiliul Municipal Karlsruhe\",\"isPartOf\":{\"@id\":\"https:\\\/\\\/fwfuer.de\\\/ro\\\/#website\"},\"datePublished\":\"2019-08-01T08:00:32+00:00\",\"dateModified\":\"2023-08-15T11:12:05+00:00\",\"description\":\"Freie W\u00e4hler | F\u00dcR Karlsruhe \u00een Consiliul Municipal Karlsruhe : imprima\",\"breadcrumb\":{\"@id\":\"https:\\\/\\\/fwfuer.de\\\/ro\\\/imprima\\\/#breadcrumb\"},\"inLanguage\":\"ro-RO\",\"potentialAction\":[{\"@type\":\"ReadAction\",\"target\":[\"https:\\\/\\\/fwfuer.de\\\/ro\\\/imprima\\\/\"]}]},{\"@type\":\"BreadcrumbList\",\"@id\":\"https:\\\/\\\/fwfuer.de\\\/ro\\\/imprima\\\/#breadcrumb\",\"itemListElement\":[{\"@type\":\"ListItem\",\"position\":1,\"name\":\"Startseite\",\"item\":\"https:\\\/\\\/fwfuer.de\\\/ro\\\/acasa\\\/\"},{\"@type\":\"ListItem\",\"position\":2,\"name\":\"imprima\"}]},{\"@type\":\"WebSite\",\"@id\":\"https:\\\/\\\/fwfuer.de\\\/ro\\\/#website\",\"url\":\"https:\\\/\\\/fwfuer.de\\\/ro\\\/\",\"name\":\"Freie W\u00e4hler | F\u00dcR Karlsruhe \u00een Consiliul Municipal Karlsruhe\",\"description\":\"Grupul liber al consilierilor din Karlsruhe\",\"publisher\":{\"@id\":\"https:\\\/\\\/fwfuer.de\\\/ro\\\/#organization\"},\"alternateName\":\"F\u00dcR KARLSRUHE im Gemeinderat\",\"potentialAction\":[{\"@type\":\"SearchAction\",\"target\":{\"@type\":\"EntryPoint\",\"urlTemplate\":\"https:\\\/\\\/fwfuer.de\\\/ro\\\/?s={search_term_string}\"},\"query-input\":{\"@type\":\"PropertyValueSpecification\",\"valueRequired\":true,\"valueName\":\"search_term_string\"}}],\"inLanguage\":\"ro-RO\"},{\"@type\":\"Organization\",\"@id\":\"https:\\\/\\\/fwfuer.de\\\/ro\\\/#organization\",\"name\":\"F\u00dcR Karlsruhe im Gemeinderat\",\"alternateName\":\"F\u00dcR Karlsruhe mit Stadtrat Friedemann Kalmbach\",\"url\":\"https:\\\/\\\/fwfuer.de\\\/ro\\\/\",\"logo\":{\"@type\":\"ImageObject\",\"inLanguage\":\"ro-RO\",\"@id\":\"https:\\\/\\\/fwfuer.de\\\/ro\\\/#\\\/schema\\\/logo\\\/image\\\/\",\"url\":\"https:\\\/\\\/fwfuer.de\\\/wp-content\\\/uploads\\\/2024\\\/07\\\/cropped-Logo-1.png\",\"contentUrl\":\"https:\\\/\\\/fwfuer.de\\\/wp-content\\\/uploads\\\/2024\\\/07\\\/cropped-Logo-1.png\",\"width\":512,\"height\":512,\"caption\":\"F\u00dcR Karlsruhe im Gemeinderat\"},\"image\":{\"@id\":\"https:\\\/\\\/fwfuer.de\\\/ro\\\/#\\\/schema\\\/logo\\\/image\\\/\"},\"sameAs\":[\"https:\\\/\\\/www.facebook.com\\\/fwfuer\",\"https:\\\/\\\/x.com\\\/fwfuer\",\"https:\\\/\\\/www.instagram.com\\\/fuerka.de\",\"https:\\\/\\\/de.linkedin.com\\\/company\\\/fw-fr-karlsruhe-gemeinderatsfraktion\",\"https:\\\/\\\/tiktok.com\\\/@fuerka.de\"]}]}<\/script>\n<!-- \/ Yoast SEO plugin. -->","yoast_head_json":{"title":"imprima - Freie W\u00e4hler | F\u00dcR Karlsruhe \u00een Consiliul Municipal Karlsruhe","description":"Freie W\u00e4hler | F\u00dcR Karlsruhe \u00een Consiliul Municipal Karlsruhe : imprima","robots":{"index":"index","follow":"follow","max-snippet":"max-snippet:-1","max-image-preview":"max-image-preview:large","max-video-preview":"max-video-preview:-1"},"canonical":"https:\/\/fwfuer.de\/ro\/imprima\/","og_locale":"ro_RO","og_type":"article","og_title":"imprima - Freie W\u00e4hler | F\u00dcR Karlsruhe \u00een Consiliul Municipal Karlsruhe","og_description":"Freie W\u00e4hler | F\u00dcR Karlsruhe \u00een Consiliul Municipal Karlsruhe : imprima","og_url":"https:\/\/fwfuer.de\/ro\/imprima\/","og_site_name":"Freie W\u00e4hler | F\u00dcR Karlsruhe \u00een Consiliul Municipal Karlsruhe","article_publisher":"https:\/\/www.facebook.com\/fwfuer","article_modified_time":"2023-08-15T11:12:05+00:00","og_image":[{"width":2880,"height":2160,"url":"https:\/\/fwfuer.de\/wp-content\/uploads\/2022\/10\/FriedemannOnlineSchulung-scaled.jpeg","type":"image\/jpeg"}],"twitter_card":"summary_large_image","twitter_site":"@fwfuer","schema":{"@context":"https:\/\/schema.org","@graph":[{"@type":"WebPage","@id":"https:\/\/fwfuer.de\/ro\/imprima\/","url":"https:\/\/fwfuer.de\/ro\/imprima\/","name":"imprima - Freie W\u00e4hler | F\u00dcR Karlsruhe \u00een Consiliul Municipal Karlsruhe","isPartOf":{"@id":"https:\/\/fwfuer.de\/ro\/#website"},"datePublished":"2019-08-01T08:00:32+00:00","dateModified":"2023-08-15T11:12:05+00:00","description":"Freie W\u00e4hler | F\u00dcR Karlsruhe \u00een Consiliul Municipal Karlsruhe : imprima","breadcrumb":{"@id":"https:\/\/fwfuer.de\/ro\/imprima\/#breadcrumb"},"inLanguage":"ro-RO","potentialAction":[{"@type":"ReadAction","target":["https:\/\/fwfuer.de\/ro\/imprima\/"]}]},{"@type":"BreadcrumbList","@id":"https:\/\/fwfuer.de\/ro\/imprima\/#breadcrumb","itemListElement":[{"@type":"ListItem","position":1,"name":"Startseite","item":"https:\/\/fwfuer.de\/ro\/acasa\/"},{"@type":"ListItem","position":2,"name":"imprima"}]},{"@type":"WebSite","@id":"https:\/\/fwfuer.de\/ro\/#website","url":"https:\/\/fwfuer.de\/ro\/","name":"Freie W\u00e4hler | F\u00dcR Karlsruhe \u00een Consiliul Municipal Karlsruhe","description":"Grupul liber al consilierilor din Karlsruhe","publisher":{"@id":"https:\/\/fwfuer.de\/ro\/#organization"},"alternateName":"F\u00dcR KARLSRUHE im Gemeinderat","potentialAction":[{"@type":"SearchAction","target":{"@type":"EntryPoint","urlTemplate":"https:\/\/fwfuer.de\/ro\/?s={search_term_string}"},"query-input":{"@type":"PropertyValueSpecification","valueRequired":true,"valueName":"search_term_string"}}],"inLanguage":"ro-RO"},{"@type":"Organization","@id":"https:\/\/fwfuer.de\/ro\/#organization","name":"F\u00dcR Karlsruhe im Gemeinderat","alternateName":"F\u00dcR Karlsruhe mit Stadtrat Friedemann Kalmbach","url":"https:\/\/fwfuer.de\/ro\/","logo":{"@type":"ImageObject","inLanguage":"ro-RO","@id":"https:\/\/fwfuer.de\/ro\/#\/schema\/logo\/image\/","url":"https:\/\/fwfuer.de\/wp-content\/uploads\/2024\/07\/cropped-Logo-1.png","contentUrl":"https:\/\/fwfuer.de\/wp-content\/uploads\/2024\/07\/cropped-Logo-1.png","width":512,"height":512,"caption":"F\u00dcR Karlsruhe im Gemeinderat"},"image":{"@id":"https:\/\/fwfuer.de\/ro\/#\/schema\/logo\/image\/"},"sameAs":["https:\/\/www.facebook.com\/fwfuer","https:\/\/x.com\/fwfuer","https:\/\/www.instagram.com\/fuerka.de","https:\/\/de.linkedin.com\/company\/fw-fr-karlsruhe-gemeinderatsfraktion","https:\/\/tiktok.com\/@fuerka.de"]}]}},"_links":{"self":[{"href":"https:\/\/fwfuer.de\/ro\/wp-json\/wp\/v2\/pages\/1768","targetHints":{"allow":["GET"]}}],"collection":[{"href":"https:\/\/fwfuer.de\/ro\/wp-json\/wp\/v2\/pages"}],"about":[{"href":"https:\/\/fwfuer.de\/ro\/wp-json\/wp\/v2\/types\/page"}],"author":[{"embeddable":true,"href":"https:\/\/fwfuer.de\/ro\/wp-json\/wp\/v2\/users\/1"}],"replies":[{"embeddable":true,"href":"https:\/\/fwfuer.de\/ro\/wp-json\/wp\/v2\/comments?post=1768"}],"version-history":[{"count":8,"href":"https:\/\/fwfuer.de\/ro\/wp-json\/wp\/v2\/pages\/1768\/revisions"}],"predecessor-version":[{"id":6293,"href":"https:\/\/fwfuer.de\/ro\/wp-json\/wp\/v2\/pages\/1768\/revisions\/6293"}],"wp:attachment":[{"href":"https:\/\/fwfuer.de\/ro\/wp-json\/wp\/v2\/media?parent=1768"}],"curies":[{"name":"wp","href":"https:\/\/api.w.org\/{rel}","templated":true}]}}